{"id":9306,"date":"2025-10-01T15:04:55","date_gmt":"2025-10-01T12:04:55","guid":{"rendered":"https:\/\/grillipoyta.fi\/faq"},"modified":"2026-02-26T15:03:11","modified_gmt":"2026-02-26T13:03:11","slug":"faq","status":"publish","type":"page","link":"https:\/\/grillipoyta.fi\/en\/faq","title":{"rendered":"FAQ"},"content":{"rendered":"[vc_row type=&#8221;full_width_background&#8221; full_screen_row_position=&#8221;middle&#8221; column_margin=&#8221;default&#8221; column_direction=&#8221;default&#8221; column_direction_tablet=&#8221;default&#8221; column_direction_phone=&#8221;default&#8221; bg_image=&#8221;6103&#8243; bg_image_type=&#8221;default&#8221; bg_position=&#8221;center bottom&#8221; background_image_loading=&#8221;default&#8221; bg_repeat=&#8221;no-repeat&#8221; scene_position=&#8221;center&#8221; top_padding=&#8221;15%&#8221; bottom_padding=&#8221;5%&#8221; text_color=&#8221;dark&#8221; text_align=&#8221;left&#8221; row_border_radius=&#8221;none&#8221; row_border_radius_applies=&#8221;bg&#8221; row_position_desktop=&#8221;default&#8221; row_position_tablet=&#8221;inherit&#8221; row_position_phone=&#8221;inherit&#8221; overflow=&#8221;visible&#8221; advanced_gradient_angle=&#8221;0&#8243; overlay_strength=&#8221;0.3&#8243; gradient_direction=&#8221;left_to_right&#8221; shape_divider_position=&#8221;bottom&#8221; bg_image_animation=&#8221;none&#8221; gradient_type=&#8221;default&#8221; shape_type=&#8221;&#8221;][vc_column column_padding=&#8221;no-extra-padding&#8221; column_padding_tablet=&#8221;inherit&#8221; column_padding_phone=&#8221;inherit&#8221; column_padding_position=&#8221;all&#8221; flex_gap_desktop=&#8221;10px&#8221; column_element_direction_desktop=&#8221;default&#8221; column_element_spacing=&#8221;default&#8221; desktop_text_alignment=&#8221;default&#8221; tablet_text_alignment=&#8221;default&#8221; phone_text_alignment=&#8221;default&#8221; background_color_opacity=&#8221;1&#8243; background_hover_color_opacity=&#8221;1&#8243; column_backdrop_filter=&#8221;none&#8221; column_shadow=&#8221;none&#8221; column_border_radius=&#8221;none&#8221; column_link_target=&#8221;_self&#8221; column_position=&#8221;default&#8221; gradient_direction=&#8221;left_to_right&#8221; overlay_strength=&#8221;0.3&#8243; width=&#8221;1\/1&#8243; tablet_width_inherit=&#8221;default&#8221; animation_type=&#8221;default&#8221; bg_image_animation=&#8221;none&#8221; border_type=&#8221;simple&#8221; column_border_width=&#8221;none&#8221; column_border_style=&#8221;solid&#8221;][vc_custom_heading text=&#8221;SocialBBQ &#8211; GRILL TABLE&#8221; font_container=&#8221;tag:h3|text_align:left|color:%23bd9d59&#8243; use_theme_fonts=&#8221;yes&#8221; css=&#8221;&#8221;][vc_custom_heading text=&#8221;FAQ&#8221; font_container=&#8221;tag:h1|font_size:80|text_align:left|color:%23ffffff|line_height:110px&#8221; use_theme_fonts=&#8221;yes&#8221; css=&#8221;&#8221;][\/vc_column][\/vc_row][vc_row type=&#8221;full_width_background&#8221; full_screen_row_position=&#8221;middle&#8221; column_margin=&#8221;60px&#8221; column_direction=&#8221;default&#8221; column_direction_tablet=&#8221;default&#8221; column_direction_phone=&#8221;default&#8221; scene_position=&#8221;center&#8221; top_padding=&#8221;5%&#8221; bottom_padding=&#8221;8%&#8221; text_color=&#8221;dark&#8221; text_align=&#8221;left&#8221; row_border_radius=&#8221;none&#8221; row_border_radius_applies=&#8221;bg&#8221; row_position_desktop=&#8221;default&#8221; row_position_tablet=&#8221;inherit&#8221; row_position_phone=&#8221;inherit&#8221; overflow=&#8221;visible&#8221; color_overlay=&#8221;#ffffff&#8221; advanced_gradient_angle=&#8221;0&#8243; overlay_strength=&#8221;0.5&#8243; gradient_direction=&#8221;left_to_right&#8221; shape_divider_position=&#8221;bottom&#8221; bg_image_animation=&#8221;none&#8221; gradient_type=&#8221;default&#8221; shape_type=&#8221;&#8221;][vc_column column_padding=&#8221;no-extra-padding&#8221; column_padding_tablet=&#8221;inherit&#8221; column_padding_phone=&#8221;inherit&#8221; column_padding_position=&#8221;all&#8221; flex_gap_desktop=&#8221;10px&#8221; column_element_direction_desktop=&#8221;default&#8221; column_element_spacing=&#8221;default&#8221; desktop_text_alignment=&#8221;default&#8221; tablet_text_alignment=&#8221;default&#8221; phone_text_alignment=&#8221;default&#8221; background_color_opacity=&#8221;1&#8243; background_hover_color_opacity=&#8221;1&#8243; column_backdrop_filter=&#8221;none&#8221; column_shadow=&#8221;none&#8221; column_border_radius=&#8221;none&#8221; column_link_target=&#8221;_self&#8221; column_position=&#8221;default&#8221; gradient_direction=&#8221;left_to_right&#8221; overlay_strength=&#8221;0.3&#8243; width=&#8221;2\/3&#8243; tablet_width_inherit=&#8221;default&#8221; animation_type=&#8221;default&#8221; bg_image_animation=&#8221;none&#8221; border_type=&#8221;simple&#8221; column_border_width=&#8221;none&#8221; column_border_style=&#8221;solid&#8221;][vc_custom_heading text=&#8221;Frequently Asked Questions&#8221; font_container=&#8221;tag:h2|text_align:left|color:%23351900&#8243; use_theme_fonts=&#8221;yes&#8221; css=&#8221;&#8221;][divider line_type=&#8221;No Line&#8221; custom_height=&#8221;15&#8243;][toggles style=&#8221;minimal&#8221;][toggle color=&#8221;Default&#8221; heading_tag=&#8221;default&#8221; heading_tag_functionality=&#8221;default&#8221; title=&#8221;Will the table catch fire?&#8221;][vc_column_text css=&#8221;&#8221; text_direction=&#8221;default&#8221;]<span data-contrast=\"auto\">No, it won&#8217;t.<\/span><br \/>\n<span data-contrast=\"auto\"> The SocialBBQ Grill Table is designed to be safe and tested to withstand use in all conditions.<\/span><span data-ccp-props=\"{\"134233117\":false,\"134233118\":false,\"335551550\":0,\"335551620\":0,\"335559738\":240,\"335559739\":240}\"> <\/span><\/p>\n<p><span data-contrast=\"auto\">The grill element is not in direct contact with the wood surface \u2013 the grill is designed with a safety distance from the wood<\/span><span data-contrast=\"auto\">, which prevents heat transfer to the table. <\/span><span data-contrast=\"auto\">Additionally, the grill components are <\/span><b><span data-contrast=\"auto\">separate, easily removable and serviceable modules<\/span><\/b><span data-contrast=\"auto\">, ensuring both safety and longevity.<\/span><span data-ccp-props=\"{\"134233117\":false,\"134233118\":false,\"335551550\":0,\"335551620\":0,\"335559738\":240,\"335559739\":240}\"> <\/span><\/p>\n<p><span data-contrast=\"auto\">The table is made from <\/span><b><span data-contrast=\"auto\">solid wood and treated <\/span><\/b> <span data-contrast=\"auto\">to withstand use and outdoor conditions. When used according to the instructions, the grill table is completely safe \u2013 and above all, enjoyable to use. <\/span><span data-ccp-props=\"{\"134233117\":false,\"134233118\":false,\"335551550\":0,\"335551620\":0,\"335559738\":240,\"335559739\":240}\"> <\/span><\/p>\n<p><span data-contrast=\"auto\">\ud83d\udc49 <\/span><b><span data-contrast=\"auto\">Remember:<\/span><\/b><span data-contrast=\"auto\"> never leave an open flame unattended and only use a suitable charcoal or gas grill element in the designated space on the table.<\/span><span data-ccp-props=\"{\"134233117\":false,\"134233118\":false,\"335551550\":0,\"335551620\":0,\"335559738\":240,\"335559739\":240}\"> Only use appropriate charcoal, briquettes, and lighting products with the table.<\/span><\/p>\n<p><b><span data-contrast=\"auto\">The best moments happen around the same table \u2013 safely.<\/span><\/b><span data-ccp-props=\"{\"134233117\":false,\"134233118\":false,\"335551550\":0,\"335551620\":0,\"335559738\":240,\"335559739\":240}\"> <\/span>[\/vc_column_text][\/toggle][toggle color=&#8221;Default&#8221; heading_tag=&#8221;default&#8221; heading_tag_functionality=&#8221;default&#8221; title=&#8221;Does grease splatter and does smoke get in your eyes?&#8221;][vc_column_text css=&#8221;&#8221; text_direction=&#8221;default&#8221;]<span data-contrast=\"auto\">No, when the SocialBBQ Grill Table is used correctly.<\/span><br \/>\n <span data-contrast=\"auto\">The grill table&#8217;s structure is designed so that <\/span><b><span data-contrast=\"auto\">flames and heat stay controlled within the grill section<\/span><\/b><span data-contrast=\"auto\">. Grease doesn&#8217;t splatter because the grates and containers used on the grill keep the grease safely contained.<\/span><span data-ccp-props=\"{\"134233117\":false,\"134233118\":false,\"335551550\":0,\"335551620\":0,\"335559738\":240,\"335559739\":240}\"> <\/span><\/p>\n<p><span data-contrast=\"auto\">The <\/span><b><span data-contrast=\"auto\">charcoal or gas grill used in the grill table burns cleanly<\/span><\/b><span data-contrast=\"auto\">, and during the coaling phase, some smoke does form. The table&#8217;s structure and airflow are designed so that the smoke direction is upward \u2013 not toward those sitting at the table. <\/span><span data-ccp-props=\"{\"134233117\":false,\"134233118\":false,\"335551550\":0,\"335551620\":0,\"335559738\":240,\"335559739\":240}\"> <\/span><\/p>\n<p><span data-contrast=\"auto\">When you use <\/span><b><span data-contrast=\"auto\">quality grill charcoal or briquettes<\/span><\/b><span data-contrast=\"auto\">  and allow the briquettes or charcoal to ignite and burn properly before cooking, smoke is only produced briefly during the lighting phase. After that, the atmosphere is warm and the aroma of food is perfect \u2013 without stinging eyes. <\/span><span data-ccp-props=\"{\"134233117\":false,\"134233118\":false,\"335551550\":0,\"335551620\":0,\"335559738\":240,\"335559739\":240}\"> <\/span>[\/vc_column_text][\/toggle][toggle color=&#8221;Default&#8221; heading_tag=&#8221;default&#8221; heading_tag_functionality=&#8221;default&#8221; title=&#8221;Can children use the grill table safely?&#8221;][vc_column_text css=&#8221;&#8221; text_direction=&#8221;default&#8221;]<span data-contrast=\"auto\">Yes \u2013 when an adult is present and grilling is supervised.<\/span><br \/>\n <span data-contrast=\"auto\">The SocialBBQ Grill Table is designed so that <\/span><b><span data-contrast=\"auto\">grilling takes place in the center of the table, at a safe distance from the edges<\/span><\/b><span data-contrast=\"auto\">, and the open flame is not openly accessible to children.<\/span><span data-ccp-props=\"{\"134233117\":false,\"134233118\":false,\"335551550\":0,\"335551620\":0,\"335559738\":240,\"335559739\":240}\"> <\/span><\/p>\n<p><span data-contrast=\"auto\">The table&#8217;s metal structure insulates heat effectively and <\/span><b><span data-contrast=\"auto\">the wood surface stays cool<\/span><\/b><span data-contrast=\"auto\">, even when the grill is in use. This makes being around the grill table safe even for the youngest family members. <\/span><span data-ccp-props=\"{\"134233117\":false,\"134233118\":false,\"335551550\":0,\"335551620\":0,\"335559738\":240,\"335559739\":240}\"> <\/span><\/p>\n<p><span data-contrast=\"auto\">Children can participate in cooking \u2013 for example, preparing vegetables, pancakes, or marshmallows \u2013 under adult supervision. That&#8217;s exactly the idea behind SocialBBQ:   <\/span><b><span data-contrast=\"auto\">doing things together and sharing joy safely.<\/span><\/b><span data-ccp-props=\"{\"134233117\":false,\"134233118\":false,\"335551550\":0,\"335551620\":0,\"335559738\":240,\"335559739\":240}\"> <\/span><\/p>\n<p><span data-contrast=\"auto\">\ud83d\udc49 When an adult lights and supervises the grill, children can enjoy being part of it without danger.<\/span> <span data-contrast=\"auto\">And as with all cooking, <\/span><b><span data-contrast=\"auto\">supervision and guidance make the experience safe and educational.<\/span><\/b><span data-ccp-props=\"{\"134233117\":false,\"134233118\":false,\"335551550\":0,\"335551620\":0,\"335559738\":240,\"335559739\":240}\"> <\/span><\/p>\n<p><b><span data-contrast=\"auto\">The best moments happen around the same table \u2013 with family too.<\/span><\/b><span data-contrast=\"auto\">  \u2764\ufe0f<\/span><span data-ccp-props=\"{\"134233117\":false,\"134233118\":false,\"335551550\":0,\"335551620\":0,\"335559738\":240,\"335559739\":240}\"> <\/span>[\/vc_column_text][\/toggle][toggle color=&#8221;Default&#8221; heading_tag=&#8221;default&#8221; heading_tag_functionality=&#8221;default&#8221; title=&#8221;What grill is it?&#8221;][vc_column_text css=&#8221;&#8221; text_direction=&#8221;default&#8221;]<span data-contrast=\"auto\">The SocialBBQ Grill Table is available with <\/span><b><span data-contrast=\"auto\">two options<\/span><\/b><span data-contrast=\"auto\">:<\/span><span data-ccp-props=\"{\"134233117\":false,\"134233118\":false,\"335551550\":0,\"335551620\":0,\"335559738\":240,\"335559739\":240}\"> <\/span><\/p>\n<ul>\n<li aria-setsize=\"-1\" data-leveltext=\"\uf0b7\" data-font=\"Symbol\" data-listid=\"4\" data-list-defn-props=\"{\"335552541\":1,\"335559683\":0,\"335559684\":-2,\"335559685\":720,\"335559991\":360,\"469769226\":\"Symbol\",\"469769242\":[8226],\"469777803\":\"left\",\"469777804\":\"\uf0b7\",\"469777815\":\"hybridMultilevel\"}\" data-aria-posinset=\"1\" data-aria-level=\"1\"><b><span data-contrast=\"auto\">Charcoal grill<\/span><\/b><span data-contrast=\"auto\">, which offers a traditional, aromatic BBQ experience and the authentic feel of charcoal.<\/span><span data-ccp-props=\"{\"134233117\":false,\"134233118\":false,\"335551550\":0,\"335551620\":0,\"335559738\":240,\"335559739\":240}\"> <\/span><\/li>\n<\/ul>\n<ul>\n<li aria-setsize=\"-1\" data-leveltext=\"\uf0b7\" data-font=\"Symbol\" data-listid=\"4\" data-list-defn-props=\"{\"335552541\":1,\"335559683\":0,\"335559684\":-2,\"335559685\":720,\"335559991\":360,\"469769226\":\"Symbol\",\"469769242\":[8226],\"469777803\":\"left\",\"469777804\":\"\uf0b7\",\"469777815\":\"hybridMultilevel\"}\" data-aria-posinset=\"2\" data-aria-level=\"1\"><b><span data-contrast=\"auto\">Gas grill<\/span><\/b><span data-contrast=\"auto\">, which is an easy, quick, and clean option \u2013 perfect when you want to enjoy the moment without lighting or charcoal waste.<\/span><strong><em> The gas version will be available for sale in 2026.<\/em><\/strong><\/li>\n<\/ul>\n<p><span data-contrast=\"auto\">Both options are designed to <\/span><b><span data-contrast=\"auto\">fit directly into the SocialBBQ Grill Table<\/span><\/b><span data-contrast=\"auto\">, safely and stylishly. <\/span><span data-contrast=\"auto\">The grills are <\/span><b><span data-contrast=\"auto\">quality modules<\/span><\/b><span data-contrast=\"auto\"> that fit securely and safely into the table&#8217;s structure.<\/span><span data-ccp-props=\"{\"134233117\":false,\"134233118\":false,\"335551550\":0,\"335551620\":0,\"335559738\":240,\"335559739\":240}\"> <\/span><\/p>\n<p><span data-contrast=\"auto\">Whether you choose the warmth of charcoal or the ease of gas, <\/span><b><span data-contrast=\"auto\">the shared moment around the table stays the same<\/span><\/b><span data-contrast=\"auto\"> \u2013 relaxed, warm, and full of good food.<\/span><span data-ccp-props=\"{\"134233117\":false,\"134233118\":false,\"335551550\":0,\"335551620\":0,\"335559738\":240,\"335559739\":240}\"> <\/span>[\/vc_column_text][\/toggle][toggle color=&#8221;Default&#8221; heading_tag=&#8221;default&#8221; heading_tag_functionality=&#8221;default&#8221; title=&#8221;What else besides grilling is the grill table good for?&#8221;][vc_column_text css=&#8221;&#8221; text_direction=&#8221;default&#8221;]<span data-contrast=\"auto\">The SocialBBQ Grill Table isn&#8217;t just a grill \u2013 it&#8217;s a <\/span><b><span data-contrast=\"auto\">versatile patio table and gathering point<\/span><\/b><span data-contrast=\"auto\"> that adapts to the season and the moment.<\/span><span data-ccp-props=\"{\"134233117\":false,\"134233118\":false,\"335551550\":0,\"335551620\":0,\"335559738\":240,\"335559739\":240}\"> <\/span><\/p>\n<p><span data-contrast=\"auto\">The grill table can be used for:<\/span><br \/>\n<b><span data-contrast=\"auto\">Dining and socializing<\/span><\/b><span data-contrast=\"auto\"> \u2013 just add a table runner and place settings, and the table becomes a stylish dining table outdoors or on a covered patio.<\/span><br \/>\n<b><span data-contrast=\"auto\">A heat source on cool evenings<\/span><\/b><span data-contrast=\"auto\"> \u2013 the grill&#8217;s warmth creates ambiance and extends the patio season.<\/span><br \/>\n<b><span data-contrast=\"auto\">Cold serving on summer days<\/span><\/b><span data-contrast=\"auto\">  \u2013 you can use the charcoal grill basin as a cooler and keep drinks and refreshments chilled during summer heat. How about a summer salad buffet or cake buffet that stays cool? <\/span><br \/>\n<b><span data-contrast=\"auto\">Shared moments with children and families<\/span><\/b><span data-contrast=\"auto\"> \u2013 for example, roasting sausages, pancake parties, or grilling marshmallows.<\/span><br \/>\n<b><span data-contrast=\"auto\">Creating ambiance and relaxing<\/span><\/b><span data-contrast=\"auto\"> \u2013 You can also burn wood pellets in the charcoal grill and enjoy the atmospheric glow on darkening evenings during fall and winter. <\/span> <\/p>\n<p><span data-contrast=\"auto\">The SocialBBQ Grill Table is built to withstand year-round use.<\/span><br \/>\n<span data-contrast=\"auto\">  In summer it&#8217;s the center of grilling, in fall and spring it serves as a heater and table, and in winter it brings ambiance to outdoor spaces.<\/span><span data-ccp-props=\"{\"134233117\":false,\"134233118\":false,\"335551550\":0,\"335551620\":0,\"335559738\":240,\"335559739\":240}\"> <\/span><\/p>\n<p><b><span data-contrast=\"auto\">The best moments happen around the same table \u2013 regardless of the season.<\/span><\/b><span data-ccp-props=\"{\"134233117\":false,\"134233118\":false,\"335551550\":0,\"335551620\":0,\"335559738\":240,\"335559739\":240}\"> <\/span>[\/vc_column_text][\/toggle][\/toggles][image_with_animation image_url=&#8221;7805&#8243; image_size=&#8221;full&#8221; max_width=&#8221;100%&#8221; max_width_mobile=&#8221;default&#8221; animation_type=&#8221;entrance&#8221; animation=&#8221;None&#8221; animation_movement_type=&#8221;transform_y&#8221; hover_animation=&#8221;none&#8221; alignment=&#8221;&#8221; border_radius=&#8221;20px&#8221; box_shadow=&#8221;none&#8221; image_loading=&#8221;default&#8221;][\/vc_column][vc_column column_padding=&#8221;padding-4-percent&#8221; column_padding_tablet=&#8221;padding-3-percent&#8221; column_padding_phone=&#8221;inherit&#8221; column_padding_position=&#8221;all&#8221; column_element_direction_desktop=&#8221;default&#8221; column_element_spacing=&#8221;default&#8221; desktop_text_alignment=&#8221;default&#8221; tablet_text_alignment=&#8221;default&#8221; phone_text_alignment=&#8221;default&#8221; background_color=&#8221;#F7F7F7&#8243; background_color_opacity=&#8221;1&#8243; background_hover_color_opacity=&#8221;1&#8243; column_backdrop_filter=&#8221;none&#8221; column_shadow=&#8221;none&#8221; column_border_radius=&#8221;20px&#8221; column_link_target=&#8221;_self&#8221; column_position=&#8221;default&#8221; gradient_direction=&#8221;left_to_right&#8221; overlay_strength=&#8221;0.3&#8243; width=&#8221;1\/3&#8243; tablet_width_inherit=&#8221;default&#8221; animation_type=&#8221;default&#8221; bg_image_animation=&#8221;none&#8221; border_type=&#8221;simple&#8221; column_border_width=&#8221;none&#8221; column_border_style=&#8221;solid&#8221; column_padding_type=&#8221;default&#8221; gradient_type=&#8221;default&#8221; content_layout=&#8221;default&#8221;][vc_custom_heading text=&#8221;Still have questions?<br \/>\nSend us a message.&#8221; font_container=&#8221;tag:h3|text_align:left|color:%23000000&#8243; use_theme_fonts=&#8221;yes&#8221; css=&#8221;&#8221;]<div class=\"wpforms-container wpforms-container-full\" id=\"wpforms-8102\"><form id=\"wpforms-form-8102\" class=\"wpforms-validate wpforms-form wpforms-ajax-form\" data-formid=\"8102\" method=\"post\" enctype=\"multipart\/form-data\" action=\"\/en\/wp-json\/wp\/v2\/pages\/9306\" data-token=\"a142bcc29b436f71268c03f3e25ed5b3\" data-token-time=\"1776406981\"><noscript class=\"wpforms-error-noscript\">Please enable JavaScript in your browser to complete this form.<\/noscript><div class=\"wpforms-field-container\"><div id=\"wpforms-8102-field_0-container\" class=\"wpforms-field wpforms-field-name\" data-field-id=\"0\"><label class=\"wpforms-field-label\" for=\"wpforms-8102-field_0\">Nimi <span class=\"wpforms-required-label\">*<\/span><\/label><input type=\"text\" id=\"wpforms-8102-field_0\" class=\"wpforms-field-large wpforms-field-required\" name=\"wpforms[fields][0]\" required><\/div><div id=\"wpforms-8102-field_1-container\" class=\"wpforms-field wpforms-field-email\" data-field-id=\"1\"><label class=\"wpforms-field-label\" for=\"wpforms-8102-field_1\">S\u00e4hk\u00f6posti <span class=\"wpforms-required-label\">*<\/span><\/label><input type=\"email\" id=\"wpforms-8102-field_1\" class=\"wpforms-field-large wpforms-field-required\" name=\"wpforms[fields][1]\" spellcheck=\"false\" required><\/div>\t\t<div id=\"wpforms-8102-field_2-container\"\n\t\t\tclass=\"wpforms-field wpforms-field-text\"\n\t\t\tdata-field-type=\"text\"\n\t\t\tdata-field-id=\"2\"\n\t\t\t>\n\t\t\t<label class=\"wpforms-field-label\" for=\"wpforms-8102-field_2\" >S\u00e4hk\u00f6posti Nimi Puhelin<\/label>\n\t\t\t<input type=\"text\" id=\"wpforms-8102-field_2\" class=\"wpforms-field-medium\" name=\"wpforms[fields][2]\" >\n\t\t<\/div>\n\t\t<div id=\"wpforms-8102-field_8-container\" class=\"wpforms-field wpforms-field-phone\" data-field-id=\"8\"><label class=\"wpforms-field-label\" for=\"wpforms-8102-field_8\">Puhelin <span class=\"wpforms-required-label\">*<\/span><\/label><input type=\"tel\" id=\"wpforms-8102-field_8\" class=\"wpforms-field-large wpforms-field-required wpforms-smart-phone-field\" data-rule-smart-phone-field=\"true\" name=\"wpforms[fields][8]\" aria-label=\"Puhelin\" required><\/div><div id=\"wpforms-8102-field_6-container\" class=\"wpforms-field wpforms-field-textarea\" data-field-id=\"6\"><label class=\"wpforms-field-label\" for=\"wpforms-8102-field_6\">Viestisi<\/label><textarea id=\"wpforms-8102-field_6\" class=\"wpforms-field-medium\" name=\"wpforms[fields][6]\" ><\/textarea><\/div><div id=\"wpforms-8102-field_7-container\" class=\"wpforms-field wpforms-field-gdpr-checkbox\" data-field-id=\"7\"><label class=\"wpforms-field-label\">Tietosuoja <span class=\"wpforms-required-label\">*<\/span><\/label><ul id=\"wpforms-8102-field_7\" class=\"wpforms-field-required\"><li class=\"choice-1\"><input type=\"checkbox\" id=\"wpforms-8102-field_7_1\" name=\"wpforms[fields][7][]\" value=\"Hyv\u00e4ksyn tietojeni k\u00e4yt\u00f6n &lt;a href=&quot;\/tietosuojaseloste&quot;&gt;Tietosuojaselosteen&lt;\/a&gt; mukaan.\" required ><label class=\"wpforms-field-label-inline\" for=\"wpforms-8102-field_7_1\">Hyv\u00e4ksyn tietojeni k\u00e4yt\u00f6n <a href=\"\/tietosuojaseloste\">Tietosuojaselosteen<\/a> mukaan.<\/label><\/li><\/ul><\/div><script>\n\t\t\t\t( function() {\n\t\t\t\t\tconst style = document.createElement( 'style' );\n\t\t\t\t\tstyle.appendChild( document.createTextNode( '#wpforms-8102-field_2-container { position: absolute !important; overflow: hidden !important; display: inline !important; height: 1px !important; width: 1px !important; z-index: -1000 !important; padding: 0 !important; } #wpforms-8102-field_2-container input { visibility: hidden; } #wpforms-conversational-form-page #wpforms-8102-field_2-container label { counter-increment: none; }' ) );\n\t\t\t\t\tdocument.head.appendChild( style );\n\t\t\t\t\tdocument.currentScript?.remove();\n\t\t\t\t} )();\n\t\t\t<\/script><\/div><!-- .wpforms-field-container --><div class=\"wpforms-recaptcha-container wpforms-is-recaptcha wpforms-is-recaptcha-type-v2\" ><div class=\"g-recaptcha\" data-sitekey=\"6Ld1TIMpAAAAAAgJto8F00IbqUN3EqTHCOAePizo\"><\/div><input type=\"text\" name=\"g-recaptcha-hidden\" class=\"wpforms-recaptcha-hidden\" style=\"position:absolute!important;clip:rect(0,0,0,0)!important;height:1px!important;width:1px!important;border:0!important;overflow:hidden!important;padding:0!important;margin:0!important;\" data-rule-recaptcha=\"1\"><\/div><div class=\"wpforms-submit-container\" ><input type=\"hidden\" name=\"wpforms[id]\" value=\"8102\"><input type=\"hidden\" name=\"page_title\" value=\"\"><input type=\"hidden\" name=\"page_url\" value=\"https:\/\/grillipoyta.fi\/en\/wp-json\/wp\/v2\/pages\/9306\"><input type=\"hidden\" name=\"url_referer\" value=\"\"><button type=\"submit\" name=\"wpforms[submit]\" id=\"wpforms-submit-8102\" class=\"wpforms-submit\" data-alt-text=\"L\u00e4hett\u00e4\u00e4...\" data-submit-text=\"L\u00e4het\u00e4 lomake\" aria-live=\"assertive\" value=\"wpforms-submit\">L\u00e4het\u00e4 lomake<\/button><img loading=\"lazy\" decoding=\"async\" src=\"https:\/\/grillipoyta.fi\/wp-content\/plugins\/wpforms\/assets\/images\/submit-spin.svg\" class=\"wpforms-submit-spinner\" style=\"display: none;\" width=\"26\" height=\"26\" alt=\"Loading\"><\/div><\/form><\/div>  <!-- .wpforms-container -->[\/vc_column][\/vc_row]\n","protected":false},"excerpt":{"rendered":"<p>[vc_row type=&#8221;full_width_background&#8221; full_screen_row_position=&#8221;middle&#8221; column_margin=&#8221;default&#8221; column_direction=&#8221;default&#8221; column_direction_tablet=&#8221;default&#8221; column_direction_phone=&#8221;default&#8221; bg_image=&#8221;6103&#8243; bg_image_type=&#8221;default&#8221; bg_position=&#8221;center bottom&#8221; background_image_loading=&#8221;default&#8221; bg_repeat=&#8221;no-repeat&#8221; scene_position=&#8221;center&#8221; top_padding=&#8221;15%&#8221; bottom_padding=&#8221;5%&#8221; text_color=&#8221;dark&#8221; text_align=&#8221;left&#8221; row_border_radius=&#8221;none&#8221; row_border_radius_applies=&#8221;bg&#8221; row_position_desktop=&#8221;default&#8221; row_position_tablet=&#8221;inherit&#8221; row_position_phone=&#8221;inherit&#8221; overflow=&#8221;visible&#8221; advanced_gradient_angle=&#8221;0&#8243; overlay_strength=&#8221;0.3&#8243; gradient_direction=&#8221;left_to_right&#8221; shape_divider_position=&#8221;bottom&#8221; bg_image_animation=&#8221;none&#8221; gradient_type=&#8221;default&#8221;&#8230;<\/p>\n","protected":false},"author":1,"featured_media":0,"parent":0,"menu_order":0,"comment_status":"closed","ping_status":"closed","template":"","meta":{"footnotes":""},"class_list":["post-9306","page","type-page","status-publish"],"_links":{"self":[{"href":"https:\/\/grillipoyta.fi\/en\/wp-json\/wp\/v2\/pages\/9306","targetHints":{"allow":["GET"]}}],"collection":[{"href":"https:\/\/grillipoyta.fi\/en\/wp-json\/wp\/v2\/pages"}],"about":[{"href":"https:\/\/grillipoyta.fi\/en\/wp-json\/wp\/v2\/types\/page"}],"author":[{"embeddable":true,"href":"https:\/\/grillipoyta.fi\/en\/wp-json\/wp\/v2\/users\/1"}],"replies":[{"embeddable":true,"href":"https:\/\/grillipoyta.fi\/en\/wp-json\/wp\/v2\/comments?post=9306"}],"version-history":[{"count":1,"href":"https:\/\/grillipoyta.fi\/en\/wp-json\/wp\/v2\/pages\/9306\/revisions"}],"predecessor-version":[{"id":9309,"href":"https:\/\/grillipoyta.fi\/en\/wp-json\/wp\/v2\/pages\/9306\/revisions\/9309"}],"wp:attachment":[{"href":"https:\/\/grillipoyta.fi\/en\/wp-json\/wp\/v2\/media?parent=9306"}],"curies":[{"name":"wp","href":"https:\/\/api.w.org\/{rel}","templated":true}]}}